{"id":420,"date":"2024-01-31T10:41:14","date_gmt":"2024-01-31T10:41:14","guid":{"rendered":"https:\/\/komisija-za-besedotvorje.zrc-sazu.si\/publications\/"},"modified":"2026-03-12T00:57:04","modified_gmt":"2026-03-12T00:57:04","slug":"publications","status":"publish","type":"page","link":"https:\/\/komisija-za-besedotvorje.zrc-sazu.si\/en\/publications\/","title":{"rendered":"Publications"},"content":{"rendered":"\n<p><strong>Conference Reports<\/strong><\/p>\n\n\n\n<details class=\"wp-block-details is-layout-flow wp-block-details-is-layout-flow\"><summary>\u041b\u0430\u0440\u0438\u0441\u0430 \u041f. \u041a\u0438\u0441\u043b\u044e\u043a, 2024: \u00a0\u0425\u0425\u0406\u0406\u0406 \u041c\u0456\u0436\u043d\u0430\u0440\u043e\u0434\u043d\u0430 \u043a\u043e\u043d\u0444\u0435\u0440\u0435\u043d\u0446\u0456\u044f \u041a\u043e\u043c\u0456\u0441\u0456\u0457 \u0437\u0456 \u0441\u043b\u043e\u0432\u2019\u044f\u043d\u0441\u044c\u043a\u043e\u0433\u043e \u0441\u043b\u043e\u0432\u043e\u0442\u0432\u043e\u0440\u0435\u043d\u043d\u044f \u043f\u0440\u0438 \u041c\u0456\u0436\u043d\u0430\u0440\u043e\u0434\u043d\u043e\u043c\u0443 \u043a\u043e\u043c\u0456\u0442\u0435\u0442\u0456 \u0441\u043b\u0430\u0432\u0456\u0441\u0442\u0456\u0432.\u00a0<em>\u0423\u043a\u0440\u0430\u0457\u043d\u0441\u044c\u043a\u0430 \u043c\u043e\u0432\u0430<\/em>, 4 (92). 109\u2013114. <a href=\"https:\/\/ukrmova.iul-nasu.org.ua\/wp-content\/uploads\/sites\/8\/2025\/02\/9.-Kyslyuk.pdf\" target=\"_blank\" rel=\"noreferrer noopener\">https:\/\/ukrmova.iul-nasu.org.ua\/wp-content\/uploads\/sites\/8\/2025\/02\/9.-Kyslyuk.pdf.<\/a><\/summary>\n<div data-wp-interactive=\"core\/file\" class=\"wp-block-file\"><object data-wp-bind--hidden=\"!state.hasPdfPreview\" hidden class=\"wp-block-file__embed\" data=\"https:\/\/komisija-za-besedotvorje.zrc-sazu.si\/wp-content\/uploads\/2026\/03\/9.-Kyslyuk-1.pdf\" type=\"application\/pdf\" style=\"width:100%;height:600px\" aria-label=\"Embed of 9.-Kyslyuk.\"><\/object><a id=\"wp-block-file--media-c5014de2-520c-4a60-be9e-830aee3055d0\" href=\"https:\/\/komisija-za-besedotvorje.zrc-sazu.si\/wp-content\/uploads\/2026\/03\/9.-Kyslyuk-1.pdf\">9.-Kyslyuk<\/a><a href=\"https:\/\/komisija-za-besedotvorje.zrc-sazu.si\/wp-content\/uploads\/2026\/03\/9.-Kyslyuk-1.pdf\" class=\"wp-block-file__button wp-element-button\" download aria-describedby=\"wp-block-file--media-c5014de2-520c-4a60-be9e-830aee3055d0\">Prenos<\/a><\/div>\n<\/details>\n\n\n\n<div style=\"height:17px\" aria-hidden=\"true\" class=\"wp-block-spacer\"><\/div>\n\n\n\n<details class=\"wp-block-details is-layout-flow wp-block-details-is-layout-flow\"><summary>\u041b\u0430\u0440\u0438\u0441\u0430 \u041f. \u041a\u0438\u0441\u043b\u044e\u043a, 2024: \u0425\u0425\u0406\u0406\u0406 \u041c\u0456\u0436\u043d\u0430\u0440\u043e\u0434\u043d\u0430 \u043a\u043e\u043d\u0444\u0435\u0440\u0435\u043d\u0446\u0456\u044f \u041a\u043e\u043c\u0456\u0441\u0456\u0457 \u0437\u0456 \u0441\u043b\u043e\u0432\u2019\u044f\u043d\u0441\u044c\u043a\u043e\u0433\u043e \u0441\u043b\u043e\u0432\u043e\u0442\u0432\u043e\u0440\u0435\u043d\u043d\u044f \u043f\u0440\u0438 \u041c\u0456\u0436\u043d\u0430\u0440\u043e\u0434\u043d\u043e\u043c\u0443 \u043a\u043e\u043c\u0456\u0442\u0435\u0442\u0456 \u0441\u043b\u0430\u0432\u0456\u0441\u0442\u0456\u0432.\u00a0<em>\u041b\u0435\u043a\u0441\u0438\u043a\u043e\u0433\u0440\u0430\u0444\u0456\u0447\u043d\u0438\u0439 \u0431\u044e\u043b\u0435\u0442\u0435\u043d\u044c,\u00a0<\/em>\u0417\u0431. \u043d\u0430\u0443\u043a. \u043f\u0440\u0430\u0446\u044c. \u0412\u0456\u0434\u043f\u043e\u0432. \u0440\u0435\u0434. \u0404.\u0410.\u00a0\u041a\u0430\u0440\u043f\u0456\u043b\u043e\u0432\u0441\u044c\u043a\u0430 \u0456 \u041e.\u041c.\u00a0\u0422\u0438\u0449\u0435\u043d\u043a\u043e. \u0412\u0438\u043f. 33. \u041a\u0438\u0457\u0432. 254\u2013261.<\/summary>\n<div data-wp-interactive=\"core\/file\" class=\"wp-block-file\"><object data-wp-bind--hidden=\"!state.hasPdfPreview\" hidden class=\"wp-block-file__embed\" data=\"https:\/\/komisija-za-besedotvorje.zrc-sazu.si\/wp-content\/uploads\/2026\/03\/Lb_33-254-261-2.pdf\" type=\"application\/pdf\" style=\"width:100%;height:600px\" aria-label=\"Embed of Lb_33-254-261.\"><\/object><a id=\"wp-block-file--media-4f94efff-3335-4479-ab84-0ee3d4b4b937\" href=\"https:\/\/komisija-za-besedotvorje.zrc-sazu.si\/wp-content\/uploads\/2026\/03\/Lb_33-254-261-2.pdf\">Lb_33-254-261<\/a><a href=\"https:\/\/komisija-za-besedotvorje.zrc-sazu.si\/wp-content\/uploads\/2026\/03\/Lb_33-254-261-2.pdf\" class=\"wp-block-file__button wp-element-button\" download aria-describedby=\"wp-block-file--media-4f94efff-3335-4479-ab84-0ee3d4b4b937\">Prenos<\/a><\/div>\n<\/details>\n\n\n\n<div style=\"height:17px\" aria-hidden=\"true\" class=\"wp-block-spacer\"><\/div>\n\n\n\n<details class=\"wp-block-details is-layout-flow wp-block-details-is-layout-flow\"><summary>\u0413\u043e\u0440\u0430\u043d \u041c\u0438\u043b\u0430\u0448\u0438\u043d, 2025: <em>\u0421\u0442\u0435\u043f\u0435\u043d\u0430\u0441\u0442\u0430 \u0442\u0432\u043e\u0440\u0431\u0430 \u0440\u0438\u0458\u0435\u0447\u0438 \u0443 \u0441\u043b\u043e\u0432\u0435\u043d\u0441\u043a\u0438\u043c \u0458\u0435\u0437\u0438\u0446\u0438\u043c\u0430<\/em>: XXIII \u043c\u0435\u0452\u0443\u043d\u0430\u0440\u043e\u0434\u043d\u0430 \u043a\u043e\u043d\u0444\u0435\u0440\u0435\u043d\u0446\u0438\u0458\u0430 \u041a\u043e\u043c\u0438\u0441\u0438\u0458\u0435 \u0437\u0430 \u0442\u0432\u043e\u0440\u0431\u0443 \u0440\u0438\u0458\u0435\u0447\u0438 \u041c\u0435\u0452\u0443\u043d\u0430\u0440\u043e\u0434\u043d\u043e\u0433 \u0441\u043b\u0430\u0432\u0438\u0441\u0442\u0438\u0447\u043a\u043e\u0433 \u043a\u043e\u043c\u0438\u0442\u0435\u0442\u0430, 17\u201320. IX 2024, \u0421\u0410\u0417\u0423, \u0409\u0443\u0431\u0459\u0430\u043d\u0430, \u0408\u0443\u0436\u043d\u043e\u0441\u043b\u043e\u0432\u0435\u043d\u0441\u043a\u0438 \u0444\u0438\u043b\u043e\u043b\u043e\u0433 LXXXI\/1. 153\u2013160.<\/summary>\n<div data-wp-interactive=\"core\/file\" class=\"wp-block-file\"><object data-wp-bind--hidden=\"!state.hasPdfPreview\" hidden class=\"wp-block-file__embed\" data=\"https:\/\/komisija-za-besedotvorje.zrc-sazu.si\/wp-content\/uploads\/2025\/09\/\u0421\u0442\u0435\u043f\u0435\u043d\u0430\u0441\u0442\u0430-\u0442\u0432\u043e\u0440\u0431\u0430-\u0440\u0438\u0458\u0435\u0447\u0438-\u0443-\u0441\u043b\u043e\u0432\u0435\u043d\u0441\u043a\u0438\u043c-\u0458\u0435\u0437\u0438\u0446\u0438\u043c\u0430-1.pdf\" type=\"application\/pdf\" style=\"width:100%;height:600px\" aria-label=\"Embed of \u0421\u0442\u0435\u043f\u0435\u043d\u0430\u0441\u0442\u0430 \u0442\u0432\u043e\u0440\u0431\u0430 \u0440\u0438\u0458\u0435\u0447\u0438 \u0443 \u0441\u043b\u043e\u0432\u0435\u043d\u0441\u043a\u0438\u043c \u0458\u0435\u0437\u0438\u0446\u0438\u043c\u0430.\"><\/object><a id=\"wp-block-file--media-4657dbd6-d41f-4884-9779-0111382efc4c\" href=\"https:\/\/komisija-za-besedotvorje.zrc-sazu.si\/wp-content\/uploads\/2025\/09\/\u0421\u0442\u0435\u043f\u0435\u043d\u0430\u0441\u0442\u0430-\u0442\u0432\u043e\u0440\u0431\u0430-\u0440\u0438\u0458\u0435\u0447\u0438-\u0443-\u0441\u043b\u043e\u0432\u0435\u043d\u0441\u043a\u0438\u043c-\u0458\u0435\u0437\u0438\u0446\u0438\u043c\u0430-1.pdf\">\u0421\u0442\u0435\u043f\u0435\u043d\u0430\u0441\u0442\u0430 \u0442\u0432\u043e\u0440\u0431\u0430 \u0440\u0438\u0458\u0435\u0447\u0438 \u0443 \u0441\u043b\u043e\u0432\u0435\u043d\u0441\u043a\u0438\u043c \u0458\u0435\u0437\u0438\u0446\u0438\u043c\u0430<\/a><a href=\"https:\/\/komisija-za-besedotvorje.zrc-sazu.si\/wp-content\/uploads\/2025\/09\/\u0421\u0442\u0435\u043f\u0435\u043d\u0430\u0441\u0442\u0430-\u0442\u0432\u043e\u0440\u0431\u0430-\u0440\u0438\u0458\u0435\u0447\u0438-\u0443-\u0441\u043b\u043e\u0432\u0435\u043d\u0441\u043a\u0438\u043c-\u0458\u0435\u0437\u0438\u0446\u0438\u043c\u0430-1.pdf\" class=\"wp-block-file__button wp-element-button\" download aria-describedby=\"wp-block-file--media-4657dbd6-d41f-4884-9779-0111382efc4c\">Prenos<\/a><\/div>\n<\/details>\n\n\n\n<div style=\"height:17px\" aria-hidden=\"true\" class=\"wp-block-spacer\"><\/div>\n\n\n\n<details class=\"wp-block-details is-layout-flow wp-block-details-is-layout-flow\"><summary>Ivana \u0160r\u00e1mekov\u00e1, 2025: \u013dub\u013eana \u2013 slovansk\u00e1 slovotvorba v centre diania. <em>Slovensk\u00e1 re\u010d<\/em>, 90(1), 269\u2013276.<\/summary>\n<div data-wp-interactive=\"core\/file\" class=\"wp-block-file\"><object data-wp-bind--hidden=\"!state.hasPdfPreview\" hidden class=\"wp-block-file__embed\" data=\"https:\/\/komisija-za-besedotvorje.zrc-sazu.si\/wp-content\/uploads\/2025\/07\/SRAMEKOVA-Ivana-2025.-Lublana-\u2013-slovanska-slovotvorba-v-centre-1.pdf\" type=\"application\/pdf\" style=\"width:100%;height:600px\" aria-label=\"Embed of \u0160R\u00c1MEKOV\u00c1, Ivana (2025). \u013dub\u013eana \u2013 slovansk\u00e1 slovotvorba v centre.\"><\/object><a id=\"wp-block-file--media-fcc2de51-1bd1-4084-a108-da4937811d97\" href=\"https:\/\/komisija-za-besedotvorje.zrc-sazu.si\/wp-content\/uploads\/2025\/07\/SRAMEKOVA-Ivana-2025.-Lublana-\u2013-slovanska-slovotvorba-v-centre-1.pdf\">\u0160R\u00c1MEKOV\u00c1, Ivana (2025). \u013dub\u013eana \u2013 slovansk\u00e1 slovotvorba v centre<\/a><a href=\"https:\/\/komisija-za-besedotvorje.zrc-sazu.si\/wp-content\/uploads\/2025\/07\/SRAMEKOVA-Ivana-2025.-Lublana-\u2013-slovanska-slovotvorba-v-centre-1.pdf\" class=\"wp-block-file__button wp-element-button\" download aria-describedby=\"wp-block-file--media-fcc2de51-1bd1-4084-a108-da4937811d97\">Prenos<\/a><\/div>\n<\/details>\n\n\n\n<div style=\"height:17px\" aria-hidden=\"true\" class=\"wp-block-spacer\"><\/div>\n\n\n\n<details class=\"wp-block-details is-layout-flow wp-block-details-is-layout-flow\"><summary>Boris Kern, 2025: 23. Mednarodna znanstvena konferenca Komisije za besedotvorje pri Mednarodnem slavisti\u010dnem komiteju Stopenjsko besedotvorje.\u00a0<em>Slavisti\u010dna revija<\/em>\u00a073 (3): 527\u2013530.\u00a0<a href=\"https:\/\/doi.org\/10.57589\/srl.v73i3.4275\">https:\/\/doi.org\/10.57589\/srl.v73i3.4275<\/a>.<\/summary>\n<div data-wp-interactive=\"core\/file\" class=\"wp-block-file\"><object data-wp-bind--hidden=\"!state.hasPdfPreview\" hidden class=\"wp-block-file__embed\" data=\"https:\/\/komisija-za-besedotvorje.zrc-sazu.si\/wp-content\/uploads\/2026\/03\/12_Kern_Splet-3.pdf\" type=\"application\/pdf\" style=\"width:100%;height:600px\" aria-label=\"Embed of 12_Kern_Splet.\"><\/object><a id=\"wp-block-file--media-50d57c2f-83f5-48ed-bc6a-8341eadc1bf1\" href=\"https:\/\/komisija-za-besedotvorje.zrc-sazu.si\/wp-content\/uploads\/2026\/03\/12_Kern_Splet-3.pdf\">12_Kern_Splet<\/a><a href=\"https:\/\/komisija-za-besedotvorje.zrc-sazu.si\/wp-content\/uploads\/2026\/03\/12_Kern_Splet-3.pdf\" class=\"wp-block-file__button wp-element-button\" download aria-describedby=\"wp-block-file--media-50d57c2f-83f5-48ed-bc6a-8341eadc1bf1\">Prenos<\/a><\/div>\n<\/details>\n\n\n\n<div style=\"height:13px\" aria-hidden=\"true\" class=\"wp-block-spacer\"><\/div>\n\n\n\n<div style=\"height:17px\" aria-hidden=\"true\" class=\"wp-block-spacer\"><\/div>\n\n\n\n<p><strong>Book of Abstracts<\/strong><\/p>\n\n\n\n<details class=\"wp-block-details is-layout-flow wp-block-details-is-layout-flow\"><summary><em>Stopenjsko besedotvorje : 23. mednarodna znanstvena konferenca Komisije za besedotvorje pri Mednarodnem slavisti\u010dnem komiteju : zbornik povzetkov : Ljubljana, 17.-20. 9. 2024 = Multistage word formation : 23rd International Conference of the Commission on Word Formation of the International Committee of Slavists : book of abstracts : Ljubljana, September 17-20, 2024.<\/em>\u00a0Ur. Boris Kern, Du\u0161a Divjak Race, Jera Oman, Maru\u0161a \u017dibred. Ljubljana: Zalo\u017eba ZRC, 2024.<\/summary>\n<div data-wp-interactive=\"core\/file\" class=\"wp-block-file\"><object data-wp-bind--hidden=\"!state.hasPdfPreview\" hidden class=\"wp-block-file__embed\" data=\"https:\/\/komisija-za-besedotvorje.zrc-sazu.si\/wp-content\/uploads\/2024\/09\/e-zbornik_Stopenjsko-besedotvorje-1.pdf\" type=\"application\/pdf\" style=\"width:100%;height:600px\" aria-label=\"Embed of e-zbornik_Stopenjsko besedotvorje.\"><\/object><a id=\"wp-block-file--media-604c611c-57cd-49f1-b080-cb92f1feff8b\" href=\"https:\/\/komisija-za-besedotvorje.zrc-sazu.si\/wp-content\/uploads\/2024\/09\/e-zbornik_Stopenjsko-besedotvorje-1.pdf\">e-zbornik_Stopenjsko besedotvorje<\/a><a href=\"https:\/\/komisija-za-besedotvorje.zrc-sazu.si\/wp-content\/uploads\/2024\/09\/e-zbornik_Stopenjsko-besedotvorje-1.pdf\" class=\"wp-block-file__button wp-element-button\" download aria-describedby=\"wp-block-file--media-604c611c-57cd-49f1-b080-cb92f1feff8b\">Prenos<\/a><\/div>\n<\/details>\n","protected":false},"excerpt":{"rendered":"<p>Conference Reports Book of Abstracts<\/p>\n","protected":false},"author":1,"featured_media":0,"parent":0,"menu_order":4,"comment_status":"closed","ping_status":"closed","template":"","meta":{"footnotes":""},"class_list":["post-420","page","type-page","status-publish","hentry"],"_links":{"self":[{"href":"https:\/\/komisija-za-besedotvorje.zrc-sazu.si\/en\/wp-json\/wp\/v2\/pages\/420","targetHints":{"allow":["GET"]}}],"collection":[{"href":"https:\/\/komisija-za-besedotvorje.zrc-sazu.si\/en\/wp-json\/wp\/v2\/pages"}],"about":[{"href":"https:\/\/komisija-za-besedotvorje.zrc-sazu.si\/en\/wp-json\/wp\/v2\/types\/page"}],"author":[{"embeddable":true,"href":"https:\/\/komisija-za-besedotvorje.zrc-sazu.si\/en\/wp-json\/wp\/v2\/users\/1"}],"replies":[{"embeddable":true,"href":"https:\/\/komisija-za-besedotvorje.zrc-sazu.si\/en\/wp-json\/wp\/v2\/comments?post=420"}],"version-history":[{"count":8,"href":"https:\/\/komisija-za-besedotvorje.zrc-sazu.si\/en\/wp-json\/wp\/v2\/pages\/420\/revisions"}],"predecessor-version":[{"id":1030,"href":"https:\/\/komisija-za-besedotvorje.zrc-sazu.si\/en\/wp-json\/wp\/v2\/pages\/420\/revisions\/1030"}],"wp:attachment":[{"href":"https:\/\/komisija-za-besedotvorje.zrc-sazu.si\/en\/wp-json\/wp\/v2\/media?parent=420"}],"curies":[{"name":"wp","href":"https:\/\/api.w.org\/{rel}","templated":true}]}}